{"id":2177,"date":"2023-02-07T10:05:46","date_gmt":"2023-02-07T09:05:46","guid":{"rendered":"https:\/\/emilie-kerouanton.com\/?page_id=2177"},"modified":"2023-11-02T12:09:32","modified_gmt":"2023-11-02T11:09:32","slug":"coaching-professionnel","status":"publish","type":"page","link":"https:\/\/emilie-kerouanton.com\/index.php\/coaching-professionnel\/","title":{"rendered":"Coaching professionnel"},"content":{"rendered":"\t\t<div data-elementor-type=\"wp-page\" data-elementor-id=\"2177\" class=\"elementor elementor-2177\" data-elementor-post-type=\"page\">\n\t\t\t\t\t\t<section class=\"has_eae_slider elementor-section elementor-top-section elementor-element elementor-element-20702e8 elementor-section-full_width elementor-section-height-default elementor-section-height-default\" data-eae-slider=\"40582\" data-particle_enable=\"false\" data-particle-mobile-disabled=\"false\" data-id=\"20702e8\" data-element_type=\"section\">\n\t\t\t\t\t\t<div class=\"elementor-container elementor-column-gap-default\">\n\t\t\t\t\t<div class=\"has_eae_slider elementor-column elementor-col-100 elementor-top-column elementor-element elementor-element-0432eda\" data-eae-slider=\"63260\" data-id=\"0432eda\" data-element_type=\"column\">\n\t\t\t<div class=\"elementor-widget-wrap elementor-element-populated\">\n\t\t\t\t\t\t<section class=\"has_eae_slider elementor-section elementor-inner-section elementor-element elementor-element-566b6ce elementor-section-boxed elementor-section-height-default elementor-section-height-default\" data-eae-slider=\"27289\" data-particle_enable=\"false\" data-particle-mobile-disabled=\"false\" data-id=\"566b6ce\" data-element_type=\"section\">\n\t\t\t\t\t\t<div class=\"elementor-container elementor-column-gap-wide\">\n\t\t\t\t\t<div class=\"has_eae_slider elementor-column elementor-col-50 elementor-inner-column elementor-element elementor-element-209d14e\" data-eae-slider=\"30404\" data-id=\"209d14e\" data-element_type=\"column\">\n\t\t\t<div class=\"elementor-widget-wrap elementor-element-populated\">\n\t\t\t\t\t\t<div class=\"elementor-element elementor-element-dfac40e elementor-widget elementor-widget-heading\" data-id=\"dfac40e\" data-element_type=\"widget\" data-widget_type=\"heading.default\">\n\t\t\t\t<div class=\"elementor-widget-container\">\n\t\t\t<h2 class=\"elementor-heading-title elementor-size-default\">Coaching professionnel<\/h2>\t\t<\/div>\n\t\t\t\t<\/div>\n\t\t\t\t<div class=\"elementor-element elementor-element-ce00b49 elementor-widget elementor-widget-image\" data-id=\"ce00b49\" data-element_type=\"widget\" data-widget_type=\"image.default\">\n\t\t\t\t<div class=\"elementor-widget-container\">\n\t\t\t\t\t\t\t\t\t\t\t\t\t<img fetchpriority=\"high\" decoding=\"async\" width=\"1000\" height=\"310\" src=\"https:\/\/emilie-kerouanton.com\/wp-content\/uploads\/2023\/02\/shutterstock_713040277.jpg\" class=\"attachment-large size-large wp-image-2208\" alt=\"\" srcset=\"https:\/\/emilie-kerouanton.com\/wp-content\/uploads\/2023\/02\/shutterstock_713040277.jpg 1000w, https:\/\/emilie-kerouanton.com\/wp-content\/uploads\/2023\/02\/shutterstock_713040277-300x93.jpg 300w, https:\/\/emilie-kerouanton.com\/wp-content\/uploads\/2023\/02\/shutterstock_713040277-768x238.jpg 768w, https:\/\/emilie-kerouanton.com\/wp-content\/uploads\/2023\/02\/shutterstock_713040277-600x186.jpg 600w\" sizes=\"(max-width: 1000px) 100vw, 1000px\" \/>\t\t\t\t\t\t\t\t\t\t\t\t\t<\/div>\n\t\t\t\t<\/div>\n\t\t\t\t<div class=\"elementor-element elementor-element-35361c9 elementor-widget elementor-widget-text-editor\" data-id=\"35361c9\" data-element_type=\"widget\" data-widget_type=\"text-editor.default\">\n\t\t\t\t<div class=\"elementor-widget-container\">\n\t\t\t\t\t\t\t<p>Parce que notre monde est en pleine transformation, vous \u00eates nombreux \u00e0 ne plus vous sentir en phase dans votre travail ni dans votre vie.<\/p><p><br \/>Le coaching professionnel a pour but de vous accompagner dans la <b>prise de conscience de votre potentiel<\/b>, optimiser vos aptitudes dans le cadre<br \/>d\u2019<b>objectifs professionnels<\/b>.<\/p><p><br \/>Chaque accompagnement est individualis\u00e9 et personnalis\u00e9 en fonction de vos besoins.<\/p><p><br \/>A travers diff\u00e9rentes \u00e9tapes, l\u2019objectif est de vous apporter \u00e9coute, expertise et soutien dans vos probl\u00e9matiques et questionnements professionnels afin de vous aider \u00e0 faire le point, prendre le recul n\u00e9cessaire sur votre situation avant d\u2019envisager un repositionnement professionnel, de vous accompagner dans une transition ou m\u00eame une r\u00e9orientation professionnelle.<\/p>\t\t\t\t\t\t<\/div>\n\t\t\t\t<\/div>\n\t\t\t\t\t<\/div>\n\t\t<\/div>\n\t\t\t\t<div class=\"has_eae_slider elementor-column elementor-col-50 elementor-inner-column elementor-element elementor-element-b832dc0\" data-eae-slider=\"37778\" data-id=\"b832dc0\" data-element_type=\"column\">\n\t\t\t<div class=\"elementor-widget-wrap elementor-element-populated\">\n\t\t\t\t\t\t<div class=\"elementor-element elementor-element-2e36669 elementor-widget elementor-widget-text-editor\" data-id=\"2e36669\" data-element_type=\"widget\" data-widget_type=\"text-editor.default\">\n\t\t\t\t<div class=\"elementor-widget-container\">\n\t\t\t\t\t\t\t<p>Il\u00a0est <strong>totalement personnalis\u00e9 et exploratoire<\/strong>\u00a0afin de vous amener \u00e0 mieux vous connaitre, porter un regard lucide sur vos comp\u00e9tences et vos besoins. Nous explorons des questions parmi d\u2019autres relatives \u00e0 votre environnement de travail, votre bien-\u00eatre, votre communication, votre adaptabilit\u00e9 au changement, au stress, votre leadership. Il permet de travailler sur vos \u00e9motions et peurs au service de votre \u00e9volution professionnelle. Plus qu\u2019\u00e0 vos comp\u00e9tences, nous nous int\u00e9ressons \u00e0 vos ressources et potentiels pour changer une posture, un regard et faire \u00e9merger de nouvelles solutions.<\/p><p>\u00a0<\/p><p>L\u2019id\u00e9e est l\u00e0 de vous faire d\u00e9couvrir et d\u00e9finir ce que vous recherchez vraiment, ce qui est essentiel pour vous. Cette r\u00e9flexion personnelle am\u00e8ne votre \u00e9panouissement et donc \u00e0 \u00eatre plus performant professionnellement.<\/p>\t\t\t\t\t\t<\/div>\n\t\t\t\t<\/div>\n\t\t\t\t<div class=\"elementor-element elementor-element-a34fea5 elementor-widget elementor-widget-image\" data-id=\"a34fea5\" data-element_type=\"widget\" data-widget_type=\"image.default\">\n\t\t\t\t<div class=\"elementor-widget-container\">\n\t\t\t\t\t\t\t\t\t\t\t\t\t<img decoding=\"async\" width=\"1024\" height=\"656\" src=\"https:\/\/emilie-kerouanton.com\/wp-content\/uploads\/2023\/02\/shutterstock_1947178711-ai-1024x656-1.png\" class=\"attachment-large size-large wp-image-2187\" alt=\"\" srcset=\"https:\/\/emilie-kerouanton.com\/wp-content\/uploads\/2023\/02\/shutterstock_1947178711-ai-1024x656-1.png 1024w, https:\/\/emilie-kerouanton.com\/wp-content\/uploads\/2023\/02\/shutterstock_1947178711-ai-1024x656-1-300x192.png 300w, https:\/\/emilie-kerouanton.com\/wp-content\/uploads\/2023\/02\/shutterstock_1947178711-ai-1024x656-1-768x492.png 768w, https:\/\/emilie-kerouanton.com\/wp-content\/uploads\/2023\/02\/shutterstock_1947178711-ai-1024x656-1-600x384.png 600w\" sizes=\"(max-width: 1024px) 100vw, 1024px\" \/>\t\t\t\t\t\t\t\t\t\t\t\t\t<\/div>\n\t\t\t\t<\/div>\n\t\t\t\t\t<\/div>\n\t\t<\/div>\n\t\t\t\t\t<\/div>\n\t\t<\/section>\n\t\t\t\t\t<\/div>\n\t\t<\/div>\n\t\t\t\t\t<\/div>\n\t\t<\/section>\n\t\t\t\t<section class=\"has_eae_slider elementor-section elementor-top-section elementor-element elementor-element-a1e9ef5 elementor-section-full_width elementor-section-height-default elementor-section-height-default\" data-eae-slider=\"87252\" data-particle_enable=\"false\" data-particle-mobile-disabled=\"false\" data-id=\"a1e9ef5\" data-element_type=\"section\">\n\t\t\t\t\t\t<div class=\"elementor-container elementor-column-gap-default\">\n\t\t\t\t\t<div class=\"has_eae_slider elementor-column elementor-col-100 elementor-top-column elementor-element elementor-element-49ec7ed\" data-eae-slider=\"88236\" data-id=\"49ec7ed\" data-element_type=\"column\">\n\t\t\t<div class=\"elementor-widget-wrap elementor-element-populated\">\n\t\t\t\t\t\t<section class=\"has_eae_slider elementor-section elementor-inner-section elementor-element elementor-element-a7ca7c4 elementor-section-boxed elementor-section-height-default elementor-section-height-default\" data-eae-slider=\"67869\" data-particle_enable=\"false\" data-particle-mobile-disabled=\"false\" data-id=\"a7ca7c4\" data-element_type=\"section\" data-settings=\"{&quot;background_background&quot;:&quot;classic&quot;}\">\n\t\t\t\t\t\t<div class=\"elementor-container elementor-column-gap-default\">\n\t\t\t\t\t<div class=\"has_eae_slider elementor-column elementor-col-50 elementor-inner-column elementor-element elementor-element-11caf13\" data-eae-slider=\"80184\" data-id=\"11caf13\" data-element_type=\"column\">\n\t\t\t<div class=\"elementor-widget-wrap elementor-element-populated\">\n\t\t\t\t\t\t<div class=\"elementor-element elementor-element-ef5af04 elementor-widget elementor-widget-text-editor\" data-id=\"ef5af04\" data-element_type=\"widget\" data-widget_type=\"text-editor.default\">\n\t\t\t\t<div class=\"elementor-widget-container\">\n\t\t\t\t\t\t\t<p><span style=\"font-style: inherit; font-weight: inherit; color: var( --e-global-color-text ); font-family: var( --e-global-typography-primary-font-family ), Sans-serif;\">Je vous accompagne en rendez-vous individualis\u00e9 \u00e0 mon cabinet (70 rue des Tisons 61000 Alen\u00e7on) ou \u00e0 distance sur plusieurs entretiens en fonction de la situation.<\/span><\/p>\n<p><\/p>\n<p>Le premier entretien d\u2019environ 1h30 permet de :<\/p>\n<p><\/p>\n<ul>\n<li>faire connaissance<\/li>\n<li>faire un \u00e9tat des lieux de votre situation&nbsp; et des difficult\u00e9s rencontr\u00e9es<\/li>\n<li>fixer un objectif de travail&nbsp;<\/li>\n<\/ul>\n<p>Le but de ce premier entretien est de vous comprendre dans votre \u00ab globalit\u00e9 \u00bb dans les 3 sph\u00e8res : cognitive, \u00e9motionnelle et corporelle.<\/p>\n<p><\/p>\n<p>Les entretiens suivants \u2013 environ 1h00<\/p>\t\t\t\t\t\t<\/div>\n\t\t\t\t<\/div>\n\t\t\t\t\t<\/div>\n\t\t<\/div>\n\t\t\t\t<div class=\"has_eae_slider elementor-column elementor-col-50 elementor-inner-column elementor-element elementor-element-669398f\" data-eae-slider=\"90154\" data-id=\"669398f\" data-element_type=\"column\">\n\t\t\t<div class=\"elementor-widget-wrap elementor-element-populated\">\n\t\t\t\t\t\t<div class=\"elementor-element elementor-element-37b9b35 elementor-widget elementor-widget-text-editor\" data-id=\"37b9b35\" data-element_type=\"widget\" data-widget_type=\"text-editor.default\">\n\t\t\t\t<div class=\"elementor-widget-container\">\n\t\t\t\t\t\t\t<p>Le travail propos\u00e9 peut porter sur :<\/p><p>\u00a0<\/p><ul><li>un accompagnement m\u00e9thodologique pour mieux se connaitre, apprendre \u00e0 se faire confiance et prendre sa place professionnellement<\/li><li>une prise de recul sur son parcours professionnel et ses comp\u00e9tences<\/li><li>un accompagnement au mieux-\u00eatre au travail<\/li><li>un travail sur les \u00e9motions, le rapport aux autres, \u00e0 son environnement au travail<\/li><li>un accompagnement \u00e0 la transition professionnelle et recherche d\u2019emplois<\/li><\/ul><p><strong>Tarif\u00a0: me contacter, particulier ou entreprise demander un devis personnalis\u00e9<\/strong><\/p>\t\t\t\t\t\t<\/div>\n\t\t\t\t<\/div>\n\t\t\t\t<div class=\"elementor-element elementor-element-a36a1c1 elementor-widget elementor-widget-eael-creative-button\" data-id=\"a36a1c1\" data-element_type=\"widget\" data-widget_type=\"eael-creative-button.default\">\n\t\t\t\t<div class=\"elementor-widget-container\">\n\t\t\t        <div class=\"eael-creative-button-wrapper\">\n\n            <a class=\"eael-creative-button eael-creative-button--default eael-cb-icon-position-left\" href=\"http:\/\/emilie-kerouanton.com\/index.php\/contact\/\" data-text=\"Contactez-moi\">\n            \t    \n                <div class=\"creative-button-inner\">\n\n                                            <span class=\"eael-creative-button-icon-left\"><i aria-hidden=\"true\" class=\"far fa-comments\"><\/i><\/span>                    \n                    <span class=\"cretive-button-text\">Contactez-moi<\/span>\n\n                                    <\/div>\n\t                        <\/a>\n        <\/div>\n        \t\t<\/div>\n\t\t\t\t<\/div>\n\t\t\t\t\t<\/div>\n\t\t<\/div>\n\t\t\t\t\t<\/div>\n\t\t<\/section>\n\t\t\t\t\t<\/div>\n\t\t<\/div>\n\t\t\t\t\t<\/div>\n\t\t<\/section>\n\t\t\t\t<\/div>\n\t\t","protected":false},"excerpt":{"rendered":"<p>Coaching professionnel Parce que notre monde est en pleine transformation, vous \u00eates nombreux \u00e0 ne plus vous sentir en phase dans votre travail ni dans votre vie. Le coaching professionnel a pour but de vous accompagner dans la prise de conscience de votre potentiel, optimiser vos aptitudes dans le cadred\u2019objectifs professionnels. Chaque accompagnement est individualis\u00e9 &hellip;<\/p>\n<p class=\"read-more\"> <a class=\"\" href=\"https:\/\/emilie-kerouanton.com\/index.php\/coaching-professionnel\/\"> <span class=\"screen-reader-text\">Coaching professionnel<\/span> Lire la suite\u00a0\u00bb<\/a><\/p>\n","protected":false},"author":1,"featured_media":0,"parent":0,"menu_order":0,"comment_status":"closed","ping_status":"closed","template":"elementor_header_footer","meta":{"site-sidebar-layout":"no-sidebar","site-content-layout":"page-builder","ast-global-header-display":"","ast-main-header-display":"","ast-hfb-above-header-display":"","ast-hfb-below-header-display":"","ast-hfb-mobile-header-display":"","site-post-title":"disabled","ast-breadcrumbs-content":"","ast-featured-img":"disabled","footer-sml-layout":"","theme-transparent-header-meta":"","adv-header-id-meta":"","stick-header-meta":"","header-above-stick-meta":"","header-main-stick-meta":"","header-below-stick-meta":"","footnotes":""},"class_list":["post-2177","page","type-page","status-publish","hentry"],"yoast_head":"<!-- This site is optimized with the Yoast SEO plugin v27.4 - https:\/\/yoast.com\/product\/yoast-seo-wordpress\/ -->\n<title>Coaching professionnel - Emilie KEROUANTON coach th\u00e9rapeute<\/title>\n<meta name=\"robots\" content=\"index, follow, max-snippet:-1, max-image-preview:large, max-video-preview:-1\" \/>\n<link rel=\"canonical\" href=\"https:\/\/emilie-kerouanton.com\/index.php\/coaching-professionnel\/\" \/>\n<meta property=\"og:locale\" content=\"fr_FR\" \/>\n<meta property=\"og:type\" content=\"article\" \/>\n<meta property=\"og:title\" content=\"Coaching professionnel - Emilie KEROUANTON coach th\u00e9rapeute\" \/>\n<meta property=\"og:description\" content=\"Coaching professionnel Parce que notre monde est en pleine transformation, vous \u00eates nombreux \u00e0 ne plus vous sentir en phase dans votre travail ni dans votre vie. Le coaching professionnel a pour but de vous accompagner dans la prise de conscience de votre potentiel, optimiser vos aptitudes dans le cadred\u2019objectifs professionnels. Chaque accompagnement est individualis\u00e9 &hellip; Coaching professionnel Lire la suite\u00a0\u00bb\" \/>\n<meta property=\"og:url\" content=\"https:\/\/emilie-kerouanton.com\/index.php\/coaching-professionnel\/\" \/>\n<meta property=\"og:site_name\" content=\"Emilie KEROUANTON coach th\u00e9rapeute\" \/>\n<meta property=\"article:publisher\" content=\"https:\/\/www.facebook.com\/profile.php?id=100068537175806\" \/>\n<meta property=\"article:modified_time\" content=\"2023-11-02T11:09:32+00:00\" \/>\n<meta property=\"og:image\" content=\"https:\/\/emilie-kerouanton.com\/wp-content\/uploads\/2023\/02\/shutterstock_713040277.jpg\" \/>\n<meta name=\"twitter:card\" content=\"summary_large_image\" \/>\n<meta name=\"twitter:label1\" content=\"Dur\u00e9e de lecture estim\u00e9e\" \/>\n\t<meta name=\"twitter:data1\" content=\"3 minutes\" \/>\n<script type=\"application\/ld+json\" class=\"yoast-schema-graph\">{\"@context\":\"https:\\\/\\\/schema.org\",\"@graph\":[{\"@type\":\"WebPage\",\"@id\":\"https:\\\/\\\/emilie-kerouanton.com\\\/index.php\\\/coaching-professionnel\\\/\",\"url\":\"https:\\\/\\\/emilie-kerouanton.com\\\/index.php\\\/coaching-professionnel\\\/\",\"name\":\"Coaching professionnel - Emilie KEROUANTON coach th\u00e9rapeute\",\"isPartOf\":{\"@id\":\"https:\\\/\\\/emilie-kerouanton.com\\\/#website\"},\"primaryImageOfPage\":{\"@id\":\"https:\\\/\\\/emilie-kerouanton.com\\\/index.php\\\/coaching-professionnel\\\/#primaryimage\"},\"image\":{\"@id\":\"https:\\\/\\\/emilie-kerouanton.com\\\/index.php\\\/coaching-professionnel\\\/#primaryimage\"},\"thumbnailUrl\":\"https:\\\/\\\/emilie-kerouanton.com\\\/wp-content\\\/uploads\\\/2023\\\/02\\\/shutterstock_713040277.jpg\",\"datePublished\":\"2023-02-07T09:05:46+00:00\",\"dateModified\":\"2023-11-02T11:09:32+00:00\",\"breadcrumb\":{\"@id\":\"https:\\\/\\\/emilie-kerouanton.com\\\/index.php\\\/coaching-professionnel\\\/#breadcrumb\"},\"inLanguage\":\"fr-FR\",\"potentialAction\":[{\"@type\":\"ReadAction\",\"target\":[\"https:\\\/\\\/emilie-kerouanton.com\\\/index.php\\\/coaching-professionnel\\\/\"]}]},{\"@type\":\"ImageObject\",\"inLanguage\":\"fr-FR\",\"@id\":\"https:\\\/\\\/emilie-kerouanton.com\\\/index.php\\\/coaching-professionnel\\\/#primaryimage\",\"url\":\"https:\\\/\\\/emilie-kerouanton.com\\\/wp-content\\\/uploads\\\/2023\\\/02\\\/shutterstock_713040277.jpg\",\"contentUrl\":\"https:\\\/\\\/emilie-kerouanton.com\\\/wp-content\\\/uploads\\\/2023\\\/02\\\/shutterstock_713040277.jpg\",\"width\":1000,\"height\":310},{\"@type\":\"BreadcrumbList\",\"@id\":\"https:\\\/\\\/emilie-kerouanton.com\\\/index.php\\\/coaching-professionnel\\\/#breadcrumb\",\"itemListElement\":[{\"@type\":\"ListItem\",\"position\":1,\"name\":\"Accueil\",\"item\":\"https:\\\/\\\/emilie-kerouanton.com\\\/\"},{\"@type\":\"ListItem\",\"position\":2,\"name\":\"Coaching professionnel\"}]},{\"@type\":\"WebSite\",\"@id\":\"https:\\\/\\\/emilie-kerouanton.com\\\/#website\",\"url\":\"https:\\\/\\\/emilie-kerouanton.com\\\/\",\"name\":\"Emilie KEROUANTON coach th\u00e9rapeute en \u00e9volution personnelle et professionnelle\",\"description\":\"Emilie KEROUANTON coach th\u00e9rapeute\",\"publisher\":{\"@id\":\"https:\\\/\\\/emilie-kerouanton.com\\\/#\\\/schema\\\/person\\\/e96df4f5793492820e2d6452e86fbb16\"},\"potentialAction\":[{\"@type\":\"SearchAction\",\"target\":{\"@type\":\"EntryPoint\",\"urlTemplate\":\"https:\\\/\\\/emilie-kerouanton.com\\\/?s={search_term_string}\"},\"query-input\":{\"@type\":\"PropertyValueSpecification\",\"valueRequired\":true,\"valueName\":\"search_term_string\"}}],\"inLanguage\":\"fr-FR\"},{\"@type\":[\"Person\",\"Organization\"],\"@id\":\"https:\\\/\\\/emilie-kerouanton.com\\\/#\\\/schema\\\/person\\\/e96df4f5793492820e2d6452e86fbb16\",\"name\":\"Emilie KEROUANTON\",\"image\":{\"@type\":\"ImageObject\",\"inLanguage\":\"fr-FR\",\"@id\":\"https:\\\/\\\/emilie-kerouanton.com\\\/wp-content\\\/uploads\\\/2022\\\/10\\\/emilie_coach_header.png\",\"url\":\"https:\\\/\\\/emilie-kerouanton.com\\\/wp-content\\\/uploads\\\/2022\\\/10\\\/emilie_coach_header.png\",\"contentUrl\":\"https:\\\/\\\/emilie-kerouanton.com\\\/wp-content\\\/uploads\\\/2022\\\/10\\\/emilie_coach_header.png\",\"width\":654,\"height\":145,\"caption\":\"Emilie KEROUANTON\"},\"logo\":{\"@id\":\"https:\\\/\\\/emilie-kerouanton.com\\\/wp-content\\\/uploads\\\/2022\\\/10\\\/emilie_coach_header.png\"},\"sameAs\":[\"https:\\\/\\\/www.emilie-kerouanton.com\",\"https:\\\/\\\/www.facebook.com\\\/profile.php?id=100068537175806\"]}]}<\/script>\n<!-- \/ Yoast SEO plugin. -->","yoast_head_json":{"title":"Coaching professionnel - Emilie KEROUANTON coach th\u00e9rapeute","robots":{"index":"index","follow":"follow","max-snippet":"max-snippet:-1","max-image-preview":"max-image-preview:large","max-video-preview":"max-video-preview:-1"},"canonical":"https:\/\/emilie-kerouanton.com\/index.php\/coaching-professionnel\/","og_locale":"fr_FR","og_type":"article","og_title":"Coaching professionnel - Emilie KEROUANTON coach th\u00e9rapeute","og_description":"Coaching professionnel Parce que notre monde est en pleine transformation, vous \u00eates nombreux \u00e0 ne plus vous sentir en phase dans votre travail ni dans votre vie. Le coaching professionnel a pour but de vous accompagner dans la prise de conscience de votre potentiel, optimiser vos aptitudes dans le cadred\u2019objectifs professionnels. Chaque accompagnement est individualis\u00e9 &hellip; Coaching professionnel Lire la suite\u00a0\u00bb","og_url":"https:\/\/emilie-kerouanton.com\/index.php\/coaching-professionnel\/","og_site_name":"Emilie KEROUANTON coach th\u00e9rapeute","article_publisher":"https:\/\/www.facebook.com\/profile.php?id=100068537175806","article_modified_time":"2023-11-02T11:09:32+00:00","og_image":[{"url":"https:\/\/emilie-kerouanton.com\/wp-content\/uploads\/2023\/02\/shutterstock_713040277.jpg","type":"","width":"","height":""}],"twitter_card":"summary_large_image","twitter_misc":{"Dur\u00e9e de lecture estim\u00e9e":"3 minutes"},"schema":{"@context":"https:\/\/schema.org","@graph":[{"@type":"WebPage","@id":"https:\/\/emilie-kerouanton.com\/index.php\/coaching-professionnel\/","url":"https:\/\/emilie-kerouanton.com\/index.php\/coaching-professionnel\/","name":"Coaching professionnel - Emilie KEROUANTON coach th\u00e9rapeute","isPartOf":{"@id":"https:\/\/emilie-kerouanton.com\/#website"},"primaryImageOfPage":{"@id":"https:\/\/emilie-kerouanton.com\/index.php\/coaching-professionnel\/#primaryimage"},"image":{"@id":"https:\/\/emilie-kerouanton.com\/index.php\/coaching-professionnel\/#primaryimage"},"thumbnailUrl":"https:\/\/emilie-kerouanton.com\/wp-content\/uploads\/2023\/02\/shutterstock_713040277.jpg","datePublished":"2023-02-07T09:05:46+00:00","dateModified":"2023-11-02T11:09:32+00:00","breadcrumb":{"@id":"https:\/\/emilie-kerouanton.com\/index.php\/coaching-professionnel\/#breadcrumb"},"inLanguage":"fr-FR","potentialAction":[{"@type":"ReadAction","target":["https:\/\/emilie-kerouanton.com\/index.php\/coaching-professionnel\/"]}]},{"@type":"ImageObject","inLanguage":"fr-FR","@id":"https:\/\/emilie-kerouanton.com\/index.php\/coaching-professionnel\/#primaryimage","url":"https:\/\/emilie-kerouanton.com\/wp-content\/uploads\/2023\/02\/shutterstock_713040277.jpg","contentUrl":"https:\/\/emilie-kerouanton.com\/wp-content\/uploads\/2023\/02\/shutterstock_713040277.jpg","width":1000,"height":310},{"@type":"BreadcrumbList","@id":"https:\/\/emilie-kerouanton.com\/index.php\/coaching-professionnel\/#breadcrumb","itemListElement":[{"@type":"ListItem","position":1,"name":"Accueil","item":"https:\/\/emilie-kerouanton.com\/"},{"@type":"ListItem","position":2,"name":"Coaching professionnel"}]},{"@type":"WebSite","@id":"https:\/\/emilie-kerouanton.com\/#website","url":"https:\/\/emilie-kerouanton.com\/","name":"Emilie KEROUANTON coach th\u00e9rapeute en \u00e9volution personnelle et professionnelle","description":"Emilie KEROUANTON coach th\u00e9rapeute","publisher":{"@id":"https:\/\/emilie-kerouanton.com\/#\/schema\/person\/e96df4f5793492820e2d6452e86fbb16"},"potentialAction":[{"@type":"SearchAction","target":{"@type":"EntryPoint","urlTemplate":"https:\/\/emilie-kerouanton.com\/?s={search_term_string}"},"query-input":{"@type":"PropertyValueSpecification","valueRequired":true,"valueName":"search_term_string"}}],"inLanguage":"fr-FR"},{"@type":["Person","Organization"],"@id":"https:\/\/emilie-kerouanton.com\/#\/schema\/person\/e96df4f5793492820e2d6452e86fbb16","name":"Emilie KEROUANTON","image":{"@type":"ImageObject","inLanguage":"fr-FR","@id":"https:\/\/emilie-kerouanton.com\/wp-content\/uploads\/2022\/10\/emilie_coach_header.png","url":"https:\/\/emilie-kerouanton.com\/wp-content\/uploads\/2022\/10\/emilie_coach_header.png","contentUrl":"https:\/\/emilie-kerouanton.com\/wp-content\/uploads\/2022\/10\/emilie_coach_header.png","width":654,"height":145,"caption":"Emilie KEROUANTON"},"logo":{"@id":"https:\/\/emilie-kerouanton.com\/wp-content\/uploads\/2022\/10\/emilie_coach_header.png"},"sameAs":["https:\/\/www.emilie-kerouanton.com","https:\/\/www.facebook.com\/profile.php?id=100068537175806"]}]}},"_links":{"self":[{"href":"https:\/\/emilie-kerouanton.com\/index.php\/wp-json\/wp\/v2\/pages\/2177","targetHints":{"allow":["GET"]}}],"collection":[{"href":"https:\/\/emilie-kerouanton.com\/index.php\/wp-json\/wp\/v2\/pages"}],"about":[{"href":"https:\/\/emilie-kerouanton.com\/index.php\/wp-json\/wp\/v2\/types\/page"}],"author":[{"embeddable":true,"href":"https:\/\/emilie-kerouanton.com\/index.php\/wp-json\/wp\/v2\/users\/1"}],"replies":[{"embeddable":true,"href":"https:\/\/emilie-kerouanton.com\/index.php\/wp-json\/wp\/v2\/comments?post=2177"}],"version-history":[{"count":70,"href":"https:\/\/emilie-kerouanton.com\/index.php\/wp-json\/wp\/v2\/pages\/2177\/revisions"}],"predecessor-version":[{"id":2331,"href":"https:\/\/emilie-kerouanton.com\/index.php\/wp-json\/wp\/v2\/pages\/2177\/revisions\/2331"}],"wp:attachment":[{"href":"https:\/\/emilie-kerouanton.com\/index.php\/wp-json\/wp\/v2\/media?parent=2177"}],"curies":[{"name":"wp","href":"https:\/\/api.w.org\/{rel}","templated":true}]}}