{"id":7,"date":"2022-09-14T11:37:44","date_gmt":"2022-09-14T09:37:44","guid":{"rendered":"http:\/\/emilie-kerouanton.com\/?page_id=7"},"modified":"2023-09-15T16:30:57","modified_gmt":"2023-09-15T14:30:57","slug":"contact","status":"publish","type":"page","link":"https:\/\/emilie-kerouanton.com\/index.php\/contact\/","title":{"rendered":"Contact"},"content":{"rendered":"\t\t<div data-elementor-type=\"wp-page\" data-elementor-id=\"7\" class=\"elementor elementor-7\" data-elementor-post-type=\"page\">\n\t\t\t\t\t\t<section class=\"has_eae_slider elementor-section elementor-top-section elementor-element elementor-element-c01efcd elementor-section-boxed elementor-section-height-default elementor-section-height-default\" data-eae-slider=\"98712\" data-particle_enable=\"false\" data-particle-mobile-disabled=\"false\" data-id=\"c01efcd\" data-element_type=\"section\" data-settings=\"{&quot;background_background&quot;:&quot;gradient&quot;}\">\n\t\t\t\t\t\t<div class=\"elementor-container elementor-column-gap-default\">\n\t\t\t\t\t<div class=\"has_eae_slider elementor-column elementor-col-100 elementor-top-column elementor-element elementor-element-bd834ff\" data-eae-slider=\"79928\" data-id=\"bd834ff\" data-element_type=\"column\">\n\t\t\t<div class=\"elementor-widget-wrap\">\n\t\t\t\t\t\t\t<\/div>\n\t\t<\/div>\n\t\t\t\t\t<\/div>\n\t\t<\/section>\n\t\t\t\t<section class=\"has_eae_slider elementor-section elementor-top-section elementor-element elementor-element-6987128 elementor-section-boxed elementor-section-height-default elementor-section-height-default\" data-eae-slider=\"687\" data-particle_enable=\"false\" data-particle-mobile-disabled=\"false\" data-id=\"6987128\" data-element_type=\"section\">\n\t\t\t\t\t\t<div class=\"elementor-container elementor-column-gap-default\">\n\t\t\t\t\t<div class=\"has_eae_slider elementor-column elementor-col-100 elementor-top-column elementor-element elementor-element-aa3d647\" data-eae-slider=\"90807\" data-id=\"aa3d647\" data-element_type=\"column\">\n\t\t\t<div class=\"elementor-widget-wrap elementor-element-populated\">\n\t\t\t\t\t\t<div class=\"elementor-element elementor-element-d2292b7 elementor-widget elementor-widget-heading\" data-id=\"d2292b7\" data-element_type=\"widget\" data-widget_type=\"heading.default\">\n\t\t\t\t<div class=\"elementor-widget-container\">\n\t\t\t<h2 class=\"elementor-heading-title elementor-size-default\">Contactez-moi<\/h2>\t\t<\/div>\n\t\t\t\t<\/div>\n\t\t\t\t<section class=\"has_eae_slider elementor-section elementor-inner-section elementor-element elementor-element-6fcef14 elementor-section-boxed elementor-section-height-default elementor-section-height-default\" data-eae-slider=\"66230\" data-particle_enable=\"false\" data-particle-mobile-disabled=\"false\" data-id=\"6fcef14\" data-element_type=\"section\">\n\t\t\t\t\t\t<div class=\"elementor-container elementor-column-gap-default\">\n\t\t\t\t\t<div class=\"has_eae_slider elementor-column elementor-col-50 elementor-inner-column elementor-element elementor-element-6579c5e\" data-eae-slider=\"4211\" data-id=\"6579c5e\" data-element_type=\"column\" data-settings=\"{&quot;background_background&quot;:&quot;classic&quot;}\">\n\t\t\t<div class=\"elementor-widget-wrap elementor-element-populated\">\n\t\t\t\t\t\t<div class=\"elementor-element elementor-element-7452ac7 elementor-widget elementor-widget-wpforms\" data-id=\"7452ac7\" data-element_type=\"widget\" data-widget_type=\"wpforms.default\">\n\t\t\t\t<div class=\"elementor-widget-container\">\n\t\t\t<div class=\"wpforms-container wpforms-container-full\" id=\"wpforms-281\"><form id=\"wpforms-form-281\" class=\"wpforms-validate wpforms-form wpforms-ajax-form\" data-formid=\"281\" method=\"post\" enctype=\"multipart\/form-data\" action=\"\/index.php\/wp-json\/wp\/v2\/pages\/7\" data-token=\"a096d655458879f8131a42186a4b00dc\"><noscript class=\"wpforms-error-noscript\">Veuillez activer JavaScript dans votre navigateur pour remplir ce formulaire.<\/noscript><div class=\"wpforms-field-container\"><div id=\"wpforms-281-field_1-container\" class=\"wpforms-field wpforms-field-name wpforms-one-third wpforms-first wpforms-firstwpforms-one-third\" data-field-id=\"1\"><label class=\"wpforms-field-label\" for=\"wpforms-281-field_1\">Nom &amp; Pr\u00e9nom <span class=\"wpforms-required-label\">*<\/span><\/label><input type=\"text\" id=\"wpforms-281-field_1\" class=\"wpforms-field-large wpforms-field-required\" name=\"wpforms[fields][1]\" required><\/div><div id=\"wpforms-281-field_2-container\" class=\"wpforms-field wpforms-field-email\" data-field-id=\"2\"><label class=\"wpforms-field-label\" for=\"wpforms-281-field_2\">Email <span class=\"wpforms-required-label\">*<\/span><\/label><input type=\"email\" id=\"wpforms-281-field_2\" class=\"wpforms-field-medium wpforms-field-required\" name=\"wpforms[fields][2]\" required><\/div><div id=\"wpforms-281-field_3-container\" class=\"wpforms-field wpforms-field-phone\" data-field-id=\"3\"><label class=\"wpforms-field-label\" for=\"wpforms-281-field_3\">T\u00e9l\u00e9phone<\/label><input type=\"tel\" id=\"wpforms-281-field_3\" class=\"wpforms-field-small wpforms-smart-phone-field\" data-rule-smart-phone-field=\"true\" name=\"wpforms[fields][3]\" ><\/div><div id=\"wpforms-281-field_6-container\" class=\"wpforms-field wpforms-field-textarea\" data-field-id=\"6\"><label class=\"wpforms-field-label\" for=\"wpforms-281-field_6\">Laissez-moi un message<\/label><textarea id=\"wpforms-281-field_6\" class=\"wpforms-field-medium\" name=\"wpforms[fields][6]\" ><\/textarea><\/div><div id=\"wpforms-281-field_4-container\" class=\"wpforms-field wpforms-field-checkbox\" data-field-id=\"4\"><label class=\"wpforms-field-label\" for=\"wpforms-281-field_4\">Donn\u00e9es personnelles &amp; RGPD <span class=\"wpforms-required-label\">*<\/span><\/label><ul id=\"wpforms-281-field_4\" class=\"wpforms-field-required\"><li class=\"choice-1 depth-1\"><input type=\"checkbox\" id=\"wpforms-281-field_4_1\" name=\"wpforms[fields][4][]\" value=\"Accepter\" required ><label class=\"wpforms-field-label-inline\" for=\"wpforms-281-field_4_1\">Accepter<\/label><\/li><\/ul><div class=\"wpforms-field-description\">En cochant cette case, j'accepte que mes donn\u00e9es personnelles soient utilis\u00e9es pour me recontacter dans le cadre de la demande indiqu\u00e9e dans le pr\u00e9sent formulaire. Conform\u00e9ment au RGPD, aucun autre traitement ni aucun transfert de ces donn\u00e9es ne sera effectu\u00e9.<\/div><\/div><\/div><div class=\"wpforms-recaptcha-container wpforms-is-recaptcha\"><div class=\"g-recaptcha\" data-sitekey=\"6Ld1fYAjAAAAAJ54AVbuFytcaRlW0tP9GtXQB7hk\" data-size=\"invisible\"><\/div><\/div><div class=\"wpforms-submit-container\"><input type=\"hidden\" name=\"wpforms[id]\" value=\"281\"><input type=\"hidden\" name=\"wpforms[author]\" value=\"1\"><button type=\"submit\" name=\"wpforms[submit]\" id=\"wpforms-submit-281\" class=\"wpforms-submit\" data-alt-text=\"Envoyer le formulaire\" data-submit-text=\"Envoyer\" aria-live=\"assertive\" value=\"wpforms-submit\">Envoyer<\/button><img decoding=\"async\" src=\"https:\/\/emilie-kerouanton.com\/wp-content\/plugins\/wpforms\/assets\/images\/submit-spin.svg\" class=\"wpforms-submit-spinner\" style=\"display: none;\" width=\"26\" height=\"26\" alt=\"Chargement en cours\"><\/div><\/form><\/div>  <!-- .wpforms-container -->\t\t<\/div>\n\t\t\t\t<\/div>\n\t\t\t\t<div class=\"elementor-element elementor-element-473e937 elementor-widget elementor-widget-text-editor\" data-id=\"473e937\" data-element_type=\"widget\" data-widget_type=\"text-editor.default\">\n\t\t\t\t<div class=\"elementor-widget-container\">\n\t\t\t\t\t\t\t<p>* champ obligatoire<\/p>\t\t\t\t\t\t<\/div>\n\t\t\t\t<\/div>\n\t\t\t\t\t<\/div>\n\t\t<\/div>\n\t\t\t\t<div class=\"has_eae_slider elementor-column elementor-col-50 elementor-inner-column elementor-element elementor-element-b2f8cda\" data-eae-slider=\"14126\" data-id=\"b2f8cda\" data-element_type=\"column\">\n\t\t\t<div class=\"elementor-widget-wrap elementor-element-populated\">\n\t\t\t\t\t\t<div class=\"elementor-element elementor-element-c15f22d elementor-align-center elementor-icon-list--layout-traditional elementor-list-item-link-full_width elementor-widget elementor-widget-icon-list\" data-id=\"c15f22d\" data-element_type=\"widget\" data-widget_type=\"icon-list.default\">\n\t\t\t\t<div class=\"elementor-widget-container\">\n\t\t\t\t\t<ul class=\"elementor-icon-list-items\">\n\t\t\t\t\t\t\t<li class=\"elementor-icon-list-item\">\n\t\t\t\t\t\t\t\t\t\t\t<span class=\"elementor-icon-list-icon\">\n\t\t\t\t\t\t\t<i aria-hidden=\"true\" class=\"fas fa-phone-volume\"><\/i>\t\t\t\t\t\t<\/span>\n\t\t\t\t\t\t\t\t\t\t<span class=\"elementor-icon-list-text\">06 15 82 11 62<\/span>\n\t\t\t\t\t\t\t\t\t<\/li>\n\t\t\t\t\t\t\t\t<li class=\"elementor-icon-list-item\">\n\t\t\t\t\t\t\t\t\t\t\t<span class=\"elementor-icon-list-icon\">\n\t\t\t\t\t\t\t<i aria-hidden=\"true\" class=\"far fa-envelope\"><\/i>\t\t\t\t\t\t<\/span>\n\t\t\t\t\t\t\t\t\t\t<span class=\"elementor-icon-list-text\">contact@emilie-kerouanton.com<\/span>\n\t\t\t\t\t\t\t\t\t<\/li>\n\t\t\t\t\t\t\t\t<li class=\"elementor-icon-list-item\">\n\t\t\t\t\t\t\t\t\t\t\t<span class=\"elementor-icon-list-icon\">\n\t\t\t\t\t\t\t<i aria-hidden=\"true\" class=\"fas fa-location-arrow\"><\/i>\t\t\t\t\t\t<\/span>\n\t\t\t\t\t\t\t\t\t\t<span class=\"elementor-icon-list-text\">70, rue des Tisons 61000 Alen\u00e7on<\/span>\n\t\t\t\t\t\t\t\t\t<\/li>\n\t\t\t\t\t\t<\/ul>\n\t\t\t\t<\/div>\n\t\t\t\t<\/div>\n\t\t\t\t<div class=\"elementor-element elementor-element-d895af0 elementor-widget elementor-widget-google_maps\" data-id=\"d895af0\" data-element_type=\"widget\" data-widget_type=\"google_maps.default\">\n\t\t\t\t<div class=\"elementor-widget-container\">\n\t\t\t\t\t<div class=\"elementor-custom-embed\">\n\t\t\t<iframe loading=\"lazy\"\n\t\t\t\t\tsrc=\"https:\/\/maps.google.com\/maps?q=alen%C3%A7on%2C%2070%20rue%20des%20tisons&#038;t=m&#038;z=15&#038;output=embed&#038;iwloc=near\"\n\t\t\t\t\ttitle=\"alen\u00e7on, 70 rue des tisons\"\n\t\t\t\t\taria-label=\"alen\u00e7on, 70 rue des tisons\"\n\t\t\t><\/iframe>\n\t\t<\/div>\n\t\t\t\t<\/div>\n\t\t\t\t<\/div>\n\t\t\t\t\t<\/div>\n\t\t<\/div>\n\t\t\t\t\t<\/div>\n\t\t<\/section>\n\t\t\t\t\t<\/div>\n\t\t<\/div>\n\t\t\t\t\t<\/div>\n\t\t<\/section>\n\t\t\t\t<\/div>\n\t\t","protected":false},"excerpt":{"rendered":"<p>Contactez-moi * champ obligatoire 06 15 82 11 62 contact@emilie-kerouanton.com 70, rue des Tisons 61000 Alen\u00e7on<\/p>\n","protected":false},"author":1,"featured_media":0,"parent":0,"menu_order":0,"comment_status":"closed","ping_status":"closed","template":"","meta":{"site-sidebar-layout":"default","site-content-layout":"default","ast-global-header-display":"","ast-main-header-display":"","ast-hfb-above-header-display":"","ast-hfb-below-header-display":"","ast-hfb-mobile-header-display":"","site-post-title":"","ast-breadcrumbs-content":"","ast-featured-img":"","footer-sml-layout":"","theme-transparent-header-meta":"","adv-header-id-meta":"","stick-header-meta":"","header-above-stick-meta":"","header-main-stick-meta":"","header-below-stick-meta":"","footnotes":""},"class_list":["post-7","page","type-page","status-publish","hentry"],"yoast_head":"<!-- This site is optimized with the Yoast SEO plugin v27.4 - https:\/\/yoast.com\/product\/yoast-seo-wordpress\/ -->\n<title>Contact - Emilie KEROUANTON coach th\u00e9rapeute<\/title>\n<meta name=\"robots\" content=\"index, follow, max-snippet:-1, max-image-preview:large, max-video-preview:-1\" \/>\n<link rel=\"canonical\" href=\"https:\/\/emilie-kerouanton.com\/index.php\/contact\/\" \/>\n<meta property=\"og:locale\" content=\"fr_FR\" \/>\n<meta property=\"og:type\" content=\"article\" \/>\n<meta property=\"og:title\" content=\"Contact - Emilie KEROUANTON coach th\u00e9rapeute\" \/>\n<meta property=\"og:description\" content=\"Contactez-moi * champ obligatoire 06 15 82 11 62 contact@emilie-kerouanton.com 70, rue des Tisons 61000 Alen\u00e7on\" \/>\n<meta property=\"og:url\" content=\"https:\/\/emilie-kerouanton.com\/index.php\/contact\/\" \/>\n<meta property=\"og:site_name\" content=\"Emilie KEROUANTON coach th\u00e9rapeute\" \/>\n<meta property=\"article:publisher\" content=\"https:\/\/www.facebook.com\/profile.php?id=100068537175806\" \/>\n<meta property=\"article:modified_time\" content=\"2023-09-15T14:30:57+00:00\" \/>\n<meta name=\"twitter:card\" content=\"summary_large_image\" \/>\n<meta name=\"twitter:label1\" content=\"Dur\u00e9e de lecture estim\u00e9e\" \/>\n\t<meta name=\"twitter:data1\" content=\"1 minute\" \/>\n<script type=\"application\/ld+json\" class=\"yoast-schema-graph\">{\"@context\":\"https:\\\/\\\/schema.org\",\"@graph\":[{\"@type\":\"WebPage\",\"@id\":\"https:\\\/\\\/emilie-kerouanton.com\\\/index.php\\\/contact\\\/\",\"url\":\"https:\\\/\\\/emilie-kerouanton.com\\\/index.php\\\/contact\\\/\",\"name\":\"Contact - Emilie KEROUANTON coach th\u00e9rapeute\",\"isPartOf\":{\"@id\":\"https:\\\/\\\/emilie-kerouanton.com\\\/#website\"},\"datePublished\":\"2022-09-14T09:37:44+00:00\",\"dateModified\":\"2023-09-15T14:30:57+00:00\",\"breadcrumb\":{\"@id\":\"https:\\\/\\\/emilie-kerouanton.com\\\/index.php\\\/contact\\\/#breadcrumb\"},\"inLanguage\":\"fr-FR\",\"potentialAction\":[{\"@type\":\"ReadAction\",\"target\":[\"https:\\\/\\\/emilie-kerouanton.com\\\/index.php\\\/contact\\\/\"]}]},{\"@type\":\"BreadcrumbList\",\"@id\":\"https:\\\/\\\/emilie-kerouanton.com\\\/index.php\\\/contact\\\/#breadcrumb\",\"itemListElement\":[{\"@type\":\"ListItem\",\"position\":1,\"name\":\"Accueil\",\"item\":\"https:\\\/\\\/emilie-kerouanton.com\\\/\"},{\"@type\":\"ListItem\",\"position\":2,\"name\":\"Contact\"}]},{\"@type\":\"WebSite\",\"@id\":\"https:\\\/\\\/emilie-kerouanton.com\\\/#website\",\"url\":\"https:\\\/\\\/emilie-kerouanton.com\\\/\",\"name\":\"Emilie KEROUANTON coach th\u00e9rapeute en \u00e9volution personnelle et professionnelle\",\"description\":\"Emilie KEROUANTON coach th\u00e9rapeute\",\"publisher\":{\"@id\":\"https:\\\/\\\/emilie-kerouanton.com\\\/#\\\/schema\\\/person\\\/e96df4f5793492820e2d6452e86fbb16\"},\"potentialAction\":[{\"@type\":\"SearchAction\",\"target\":{\"@type\":\"EntryPoint\",\"urlTemplate\":\"https:\\\/\\\/emilie-kerouanton.com\\\/?s={search_term_string}\"},\"query-input\":{\"@type\":\"PropertyValueSpecification\",\"valueRequired\":true,\"valueName\":\"search_term_string\"}}],\"inLanguage\":\"fr-FR\"},{\"@type\":[\"Person\",\"Organization\"],\"@id\":\"https:\\\/\\\/emilie-kerouanton.com\\\/#\\\/schema\\\/person\\\/e96df4f5793492820e2d6452e86fbb16\",\"name\":\"Emilie KEROUANTON\",\"image\":{\"@type\":\"ImageObject\",\"inLanguage\":\"fr-FR\",\"@id\":\"https:\\\/\\\/emilie-kerouanton.com\\\/wp-content\\\/uploads\\\/2022\\\/10\\\/emilie_coach_header.png\",\"url\":\"https:\\\/\\\/emilie-kerouanton.com\\\/wp-content\\\/uploads\\\/2022\\\/10\\\/emilie_coach_header.png\",\"contentUrl\":\"https:\\\/\\\/emilie-kerouanton.com\\\/wp-content\\\/uploads\\\/2022\\\/10\\\/emilie_coach_header.png\",\"width\":654,\"height\":145,\"caption\":\"Emilie KEROUANTON\"},\"logo\":{\"@id\":\"https:\\\/\\\/emilie-kerouanton.com\\\/wp-content\\\/uploads\\\/2022\\\/10\\\/emilie_coach_header.png\"},\"sameAs\":[\"https:\\\/\\\/www.emilie-kerouanton.com\",\"https:\\\/\\\/www.facebook.com\\\/profile.php?id=100068537175806\"]}]}<\/script>\n<!-- \/ Yoast SEO plugin. -->","yoast_head_json":{"title":"Contact - Emilie KEROUANTON coach th\u00e9rapeute","robots":{"index":"index","follow":"follow","max-snippet":"max-snippet:-1","max-image-preview":"max-image-preview:large","max-video-preview":"max-video-preview:-1"},"canonical":"https:\/\/emilie-kerouanton.com\/index.php\/contact\/","og_locale":"fr_FR","og_type":"article","og_title":"Contact - Emilie KEROUANTON coach th\u00e9rapeute","og_description":"Contactez-moi * champ obligatoire 06 15 82 11 62 contact@emilie-kerouanton.com 70, rue des Tisons 61000 Alen\u00e7on","og_url":"https:\/\/emilie-kerouanton.com\/index.php\/contact\/","og_site_name":"Emilie KEROUANTON coach th\u00e9rapeute","article_publisher":"https:\/\/www.facebook.com\/profile.php?id=100068537175806","article_modified_time":"2023-09-15T14:30:57+00:00","twitter_card":"summary_large_image","twitter_misc":{"Dur\u00e9e de lecture estim\u00e9e":"1 minute"},"schema":{"@context":"https:\/\/schema.org","@graph":[{"@type":"WebPage","@id":"https:\/\/emilie-kerouanton.com\/index.php\/contact\/","url":"https:\/\/emilie-kerouanton.com\/index.php\/contact\/","name":"Contact - Emilie KEROUANTON coach th\u00e9rapeute","isPartOf":{"@id":"https:\/\/emilie-kerouanton.com\/#website"},"datePublished":"2022-09-14T09:37:44+00:00","dateModified":"2023-09-15T14:30:57+00:00","breadcrumb":{"@id":"https:\/\/emilie-kerouanton.com\/index.php\/contact\/#breadcrumb"},"inLanguage":"fr-FR","potentialAction":[{"@type":"ReadAction","target":["https:\/\/emilie-kerouanton.com\/index.php\/contact\/"]}]},{"@type":"BreadcrumbList","@id":"https:\/\/emilie-kerouanton.com\/index.php\/contact\/#breadcrumb","itemListElement":[{"@type":"ListItem","position":1,"name":"Accueil","item":"https:\/\/emilie-kerouanton.com\/"},{"@type":"ListItem","position":2,"name":"Contact"}]},{"@type":"WebSite","@id":"https:\/\/emilie-kerouanton.com\/#website","url":"https:\/\/emilie-kerouanton.com\/","name":"Emilie KEROUANTON coach th\u00e9rapeute en \u00e9volution personnelle et professionnelle","description":"Emilie KEROUANTON coach th\u00e9rapeute","publisher":{"@id":"https:\/\/emilie-kerouanton.com\/#\/schema\/person\/e96df4f5793492820e2d6452e86fbb16"},"potentialAction":[{"@type":"SearchAction","target":{"@type":"EntryPoint","urlTemplate":"https:\/\/emilie-kerouanton.com\/?s={search_term_string}"},"query-input":{"@type":"PropertyValueSpecification","valueRequired":true,"valueName":"search_term_string"}}],"inLanguage":"fr-FR"},{"@type":["Person","Organization"],"@id":"https:\/\/emilie-kerouanton.com\/#\/schema\/person\/e96df4f5793492820e2d6452e86fbb16","name":"Emilie KEROUANTON","image":{"@type":"ImageObject","inLanguage":"fr-FR","@id":"https:\/\/emilie-kerouanton.com\/wp-content\/uploads\/2022\/10\/emilie_coach_header.png","url":"https:\/\/emilie-kerouanton.com\/wp-content\/uploads\/2022\/10\/emilie_coach_header.png","contentUrl":"https:\/\/emilie-kerouanton.com\/wp-content\/uploads\/2022\/10\/emilie_coach_header.png","width":654,"height":145,"caption":"Emilie KEROUANTON"},"logo":{"@id":"https:\/\/emilie-kerouanton.com\/wp-content\/uploads\/2022\/10\/emilie_coach_header.png"},"sameAs":["https:\/\/www.emilie-kerouanton.com","https:\/\/www.facebook.com\/profile.php?id=100068537175806"]}]}},"_links":{"self":[{"href":"https:\/\/emilie-kerouanton.com\/index.php\/wp-json\/wp\/v2\/pages\/7","targetHints":{"allow":["GET"]}}],"collection":[{"href":"https:\/\/emilie-kerouanton.com\/index.php\/wp-json\/wp\/v2\/pages"}],"about":[{"href":"https:\/\/emilie-kerouanton.com\/index.php\/wp-json\/wp\/v2\/types\/page"}],"author":[{"embeddable":true,"href":"https:\/\/emilie-kerouanton.com\/index.php\/wp-json\/wp\/v2\/users\/1"}],"replies":[{"embeddable":true,"href":"https:\/\/emilie-kerouanton.com\/index.php\/wp-json\/wp\/v2\/comments?post=7"}],"version-history":[{"count":130,"href":"https:\/\/emilie-kerouanton.com\/index.php\/wp-json\/wp\/v2\/pages\/7\/revisions"}],"predecessor-version":[{"id":2312,"href":"https:\/\/emilie-kerouanton.com\/index.php\/wp-json\/wp\/v2\/pages\/7\/revisions\/2312"}],"wp:attachment":[{"href":"https:\/\/emilie-kerouanton.com\/index.php\/wp-json\/wp\/v2\/media?parent=7"}],"curies":[{"name":"wp","href":"https:\/\/api.w.org\/{rel}","templated":true}]}}