{"id":79,"date":"2022-09-15T10:34:44","date_gmt":"2022-09-15T08:34:44","guid":{"rendered":"http:\/\/emilie-kerouanton.com\/?page_id=79"},"modified":"2022-11-24T21:25:52","modified_gmt":"2022-11-24T20:25:52","slug":"qui-suis-je","status":"publish","type":"page","link":"https:\/\/emilie-kerouanton.com\/index.php\/qui-suis-je\/","title":{"rendered":"Qui suis-je ?"},"content":{"rendered":"\t\t<div data-elementor-type=\"wp-page\" data-elementor-id=\"79\" class=\"elementor elementor-79\" data-elementor-post-type=\"page\">\n\t\t\t\t\t\t<section class=\"has_eae_slider elementor-section elementor-top-section elementor-element elementor-element-a8214cb elementor-section-boxed elementor-section-height-default elementor-section-height-default\" data-eae-slider=\"78116\" data-particle_enable=\"false\" data-particle-mobile-disabled=\"false\" data-id=\"a8214cb\" data-element_type=\"section\">\n\t\t\t\t\t\t<div class=\"elementor-container elementor-column-gap-default\">\n\t\t\t\t\t<div class=\"has_eae_slider elementor-column elementor-col-100 elementor-top-column elementor-element elementor-element-7f17502\" data-eae-slider=\"90605\" data-id=\"7f17502\" data-element_type=\"column\">\n\t\t\t<div class=\"elementor-widget-wrap elementor-element-populated\">\n\t\t\t\t\t\t<section class=\"has_eae_slider elementor-section elementor-inner-section elementor-element elementor-element-f1817a7 elementor-section-full_width elementor-section-height-default elementor-section-height-default\" data-eae-slider=\"35673\" data-particle_enable=\"false\" data-particle-mobile-disabled=\"false\" data-id=\"f1817a7\" data-element_type=\"section\">\n\t\t\t\t\t\t<div class=\"elementor-container elementor-column-gap-default\">\n\t\t\t\t\t<div class=\"has_eae_slider elementor-column elementor-col-50 elementor-inner-column elementor-element elementor-element-b7acbc6\" data-eae-slider=\"16396\" data-id=\"b7acbc6\" data-element_type=\"column\">\n\t\t\t<div class=\"elementor-widget-wrap elementor-element-populated\">\n\t\t\t\t\t\t<div class=\"elementor-element elementor-element-9eea063 elementor-widget elementor-widget-image\" data-id=\"9eea063\" data-element_type=\"widget\" data-widget_type=\"image.default\">\n\t\t\t\t<div class=\"elementor-widget-container\">\n\t\t\t\t\t\t\t\t\t\t\t\t\t<img fetchpriority=\"high\" decoding=\"async\" width=\"394\" height=\"371\" src=\"https:\/\/emilie-kerouanton.com\/wp-content\/uploads\/2022\/09\/emilie-kerouanton.jpg\" class=\"attachment-full size-full wp-image-186\" alt=\"\" srcset=\"https:\/\/emilie-kerouanton.com\/wp-content\/uploads\/2022\/09\/emilie-kerouanton.jpg 394w, https:\/\/emilie-kerouanton.com\/wp-content\/uploads\/2022\/09\/emilie-kerouanton-300x282.jpg 300w\" sizes=\"(max-width: 394px) 100vw, 394px\" \/>\t\t\t\t\t\t\t\t\t\t\t\t\t<\/div>\n\t\t\t\t<\/div>\n\t\t\t\t\t<\/div>\n\t\t<\/div>\n\t\t\t\t<div class=\"has_eae_slider elementor-column elementor-col-50 elementor-inner-column elementor-element elementor-element-fdd0b80\" data-eae-slider=\"94984\" data-id=\"fdd0b80\" data-element_type=\"column\">\n\t\t\t<div class=\"elementor-widget-wrap elementor-element-populated\">\n\t\t\t\t\t\t<div class=\"elementor-element elementor-element-b832e67 elementor-widget elementor-widget-heading\" data-id=\"b832e67\" data-element_type=\"widget\" data-widget_type=\"heading.default\">\n\t\t\t\t<div class=\"elementor-widget-container\">\n\t\t\t<h2 class=\"elementor-heading-title elementor-size-default\">Qui suis-je ?<\/h2>\t\t<\/div>\n\t\t\t\t<\/div>\n\t\t\t\t<div class=\"elementor-element elementor-element-24f618e elementor-widget elementor-widget-text-editor\" data-id=\"24f618e\" data-element_type=\"widget\" data-widget_type=\"text-editor.default\">\n\t\t\t\t<div class=\"elementor-widget-container\">\n\t\t\t\t\t\t\t<p>Dipl\u00f4m\u00e9e en Psychologie, j\u2019ai commenc\u00e9 ma carri\u00e8re dans le domaine de l\u2019\u00e9ducation et du social o\u00f9 l\u2019action et l\u2019accompagnement humain ont toujours \u00e9t\u00e9 au c\u0153ur de mes missions.<\/p>\n<p><br><\/p>\n<p>Apr\u00e8s une quinzaine d\u2019ann\u00e9es pass\u00e9es au service d\u2019une mission de service public, j\u2019ai ressenti le besoin et l\u2019envie profonde de r\u00e9pondre \u00e0 ce qui me tient le plus \u00e0 c\u0153ur&nbsp;: <strong>prendre le temps et le soin d\u2019\u00e9couter les personnes et les aider \u00e0 trouver des solutions \u00e0 leurs probl\u00e9matiques<\/strong>.<\/p>\n<p><\/p>\n<p>Avec le souhait d\u2019accompagner chacun en profondeur, j\u2019ai compl\u00e9t\u00e9 mon parcours par une formation de coach professionnelle&nbsp;puis de consultante en bilan de comp\u00e9tences afin de prendre en compte chaque personne dans tous ses domaines de vie.<\/p>\n<p><br><\/p>\n<p><\/p>\n<p>J\u2019aime chercher \u00e0 comprendre la v\u00e9ritable nature de l\u2019\u00eatre humain, son potentiel et le sens de l\u2019existence. Depuis plusieurs ann\u00e9es, je me suis engag\u00e9e sur un v\u00e9ritable chemin de transformation personnelle et spirituelle qui m\u2019a amen\u00e9e \u00e0 devenir th\u00e9rapeute de l\u2019\u00e2me.<\/p>\n<p><br><\/p>\n<p><span style=\"background-color: var(--ast-global-color-5); color: var( --e-global-color-text ); font-family: var( --e-global-typography-primary-font-family ), Sans-serif; font-style: inherit; font-weight: inherit;\">Je me suis sp\u00e9cialis\u00e9e dans des techniques de lib\u00e9ration et d\u2019harmonisation \u00e9motionnelle.<\/span><br><\/p><p><span style=\"background-color: var(--ast-global-color-5); color: var( --e-global-color-text ); font-family: var( --e-global-typography-primary-font-family ), Sans-serif; font-style: inherit; font-weight: inherit;\"><br><\/span><\/p>\n<p><\/p>\n<p>Au fil du temps, j\u2019ai mis au point <strong>ma propre m\u00e9thode d\u2019accompagnement th\u00e9rapeutique<\/strong> pour vous aider \u00e0 retrouver l\u2019\u00e9quilibre \u00e9motionnel. <strong>Ma m\u00e9thode EVOLVE<\/strong> est n\u00e9e de la rencontre entre diff\u00e9rents outils tels que l\u2019hypnose, les techniques de programmation neurolinguistique, de th\u00e9rapies br\u00e8ves, du reiki et de la sophro-analyse.<\/p><p><br><\/p>\n<p><\/p>\n<p>Lors de mes accompagnements, j\u2019aspire \u00e0 transmettre des outils simples et personnalis\u00e9s pour donner \u00e0 chacun l\u2019opportunit\u00e9 de <strong>se lib\u00e9rer de ses freins et de vivre en accord avec soi-m\u00eame<\/strong>.<\/p>\n<p><\/p>\n<p><br><\/p><p>Aujourd\u2019hui, ma mission de vie est de vous aider \u00e0 vous reconnecter \u00e0 votre \u00eatre profond et d\u2019\u00e9clairer le chemin de votre \u00e2me.<\/p>\n<p><br><\/p>\n<p><\/p>\n<p>Je prends plaisir \u00e0 vous recevoir pour un accompagnement individualis\u00e9 lors de s\u00e9ances de coaching ou en bilan pour \u00e9voluer dans des projets personnels ou professionnels.<\/p>\t\t\t\t\t\t<\/div>\n\t\t\t\t<\/div>\n\t\t\t\t\t<\/div>\n\t\t<\/div>\n\t\t\t\t\t<\/div>\n\t\t<\/section>\n\t\t\t\t\t<\/div>\n\t\t<\/div>\n\t\t\t\t\t<\/div>\n\t\t<\/section>\n\t\t\t\t<section class=\"has_eae_slider elementor-section elementor-top-section elementor-element elementor-element-2aa2d66 elementor-section-boxed elementor-section-height-default elementor-section-height-default\" data-eae-slider=\"42927\" data-particle_enable=\"false\" data-particle-mobile-disabled=\"false\" data-id=\"2aa2d66\" data-element_type=\"section\">\n\t\t\t\t\t\t<div class=\"elementor-container elementor-column-gap-default\">\n\t\t\t\t\t<div class=\"has_eae_slider elementor-column elementor-col-25 elementor-top-column elementor-element elementor-element-2571852\" data-eae-slider=\"1951\" data-id=\"2571852\" data-element_type=\"column\">\n\t\t\t<div class=\"elementor-widget-wrap elementor-element-populated\">\n\t\t\t\t\t\t<div class=\"elementor-element elementor-element-3a60cd6 elementor-widget elementor-widget-text-editor\" data-id=\"3a60cd6\" data-element_type=\"widget\" data-widget_type=\"text-editor.default\">\n\t\t\t\t<div class=\"elementor-widget-container\">\n\t\t\t\t\t\t\t<p>J&rsquo;ai obtenu la certification de coach professionnelle par <b>www.emergitude.fr<\/b><\/p>\t\t\t\t\t\t<\/div>\n\t\t\t\t<\/div>\n\t\t\t\t\t<\/div>\n\t\t<\/div>\n\t\t\t\t<div class=\"has_eae_slider elementor-column elementor-col-25 elementor-top-column elementor-element elementor-element-13ca4d5\" data-eae-slider=\"76775\" data-id=\"13ca4d5\" data-element_type=\"column\">\n\t\t\t<div class=\"elementor-widget-wrap elementor-element-populated\">\n\t\t\t\t\t\t<div class=\"elementor-element elementor-element-ca73134 elementor-widget elementor-widget-image\" data-id=\"ca73134\" data-element_type=\"widget\" data-widget_type=\"image.default\">\n\t\t\t\t<div class=\"elementor-widget-container\">\n\t\t\t\t\t\t\t\t\t\t\t\t\t\t<a href=\"https:\/\/www.emergitude.fr\" target=\"_blank\">\n\t\t\t\t\t\t\t<img decoding=\"async\" width=\"200\" height=\"162\" src=\"https:\/\/emilie-kerouanton.com\/wp-content\/uploads\/2022\/09\/Logo-Emergitude.jpg\" class=\"attachment-full size-full wp-image-274\" alt=\"\" \/>\t\t\t\t\t\t\t\t<\/a>\n\t\t\t\t\t\t\t\t\t\t\t\t\t<\/div>\n\t\t\t\t<\/div>\n\t\t\t\t\t<\/div>\n\t\t<\/div>\n\t\t\t\t<div class=\"has_eae_slider elementor-column elementor-col-25 elementor-top-column elementor-element elementor-element-0edf16e\" data-eae-slider=\"79084\" data-id=\"0edf16e\" data-element_type=\"column\">\n\t\t\t<div class=\"elementor-widget-wrap elementor-element-populated\">\n\t\t\t\t\t\t<div class=\"elementor-element elementor-element-30c7f35 elementor-widget elementor-widget-text-editor\" data-id=\"30c7f35\" data-element_type=\"widget\" data-widget_type=\"text-editor.default\">\n\t\t\t\t<div class=\"elementor-widget-container\">\n\t\t\t\t\t\t\t<p>J&rsquo;ai obtenu la certification de consultante en bilan de comp\u00e9tences par <b>www.orientaction-groupe.com<\/b><\/p>\t\t\t\t\t\t<\/div>\n\t\t\t\t<\/div>\n\t\t\t\t\t<\/div>\n\t\t<\/div>\n\t\t\t\t<div class=\"has_eae_slider elementor-column elementor-col-25 elementor-top-column elementor-element elementor-element-2b63986\" data-eae-slider=\"83988\" data-id=\"2b63986\" data-element_type=\"column\">\n\t\t\t<div class=\"elementor-widget-wrap elementor-element-populated\">\n\t\t\t\t\t\t<div class=\"elementor-element elementor-element-f428c24 elementor-widget elementor-widget-image\" data-id=\"f428c24\" data-element_type=\"widget\" data-widget_type=\"image.default\">\n\t\t\t\t<div class=\"elementor-widget-container\">\n\t\t\t\t\t\t\t\t\t\t\t\t\t\t<a href=\"https:\/\/www.orientaction-groupe.com\" target=\"_blank\">\n\t\t\t\t\t\t\t<img decoding=\"async\" width=\"394\" height=\"74\" src=\"https:\/\/emilie-kerouanton.com\/wp-content\/uploads\/2022\/09\/logo-orientaction.png\" class=\"attachment-large size-large wp-image-187\" alt=\"\" srcset=\"https:\/\/emilie-kerouanton.com\/wp-content\/uploads\/2022\/09\/logo-orientaction.png 394w, https:\/\/emilie-kerouanton.com\/wp-content\/uploads\/2022\/09\/logo-orientaction-300x56.png 300w\" sizes=\"(max-width: 394px) 100vw, 394px\" \/>\t\t\t\t\t\t\t\t<\/a>\n\t\t\t\t\t\t\t\t\t\t\t\t\t<\/div>\n\t\t\t\t<\/div>\n\t\t\t\t\t<\/div>\n\t\t<\/div>\n\t\t\t\t\t<\/div>\n\t\t<\/section>\n\t\t\t\t<\/div>\n\t\t","protected":false},"excerpt":{"rendered":"<p>Qui suis-je ? Dipl\u00f4m\u00e9e en Psychologie, j\u2019ai commenc\u00e9 ma carri\u00e8re dans le domaine de l\u2019\u00e9ducation et du social o\u00f9 l\u2019action et l\u2019accompagnement humain ont toujours \u00e9t\u00e9 au c\u0153ur de mes missions. Apr\u00e8s une quinzaine d\u2019ann\u00e9es pass\u00e9es au service d\u2019une mission de service public, j\u2019ai ressenti le besoin et l\u2019envie profonde de r\u00e9pondre \u00e0 ce qui &hellip;<\/p>\n<p class=\"read-more\"> <a class=\"\" href=\"https:\/\/emilie-kerouanton.com\/index.php\/qui-suis-je\/\"> <span class=\"screen-reader-text\">Qui suis-je ?<\/span> Lire la suite\u00a0\u00bb<\/a><\/p>\n","protected":false},"author":1,"featured_media":0,"parent":0,"menu_order":0,"comment_status":"closed","ping_status":"closed","template":"elementor_header_footer","meta":{"site-sidebar-layout":"no-sidebar","site-content-layout":"page-builder","ast-global-header-display":"","ast-main-header-display":"","ast-hfb-above-header-display":"","ast-hfb-below-header-display":"","ast-hfb-mobile-header-display":"","site-post-title":"disabled","ast-breadcrumbs-content":"","ast-featured-img":"disabled","footer-sml-layout":"","theme-transparent-header-meta":"","adv-header-id-meta":"","stick-header-meta":"","header-above-stick-meta":"","header-main-stick-meta":"","header-below-stick-meta":"","footnotes":""},"class_list":["post-79","page","type-page","status-publish","hentry"],"yoast_head":"<!-- This site is optimized with the Yoast SEO plugin v27.4 - https:\/\/yoast.com\/product\/yoast-seo-wordpress\/ -->\n<title>Qui suis-je ? - Emilie KEROUANTON coach th\u00e9rapeute<\/title>\n<meta name=\"robots\" content=\"index, follow, max-snippet:-1, max-image-preview:large, max-video-preview:-1\" \/>\n<link rel=\"canonical\" href=\"https:\/\/emilie-kerouanton.com\/index.php\/qui-suis-je\/\" \/>\n<meta property=\"og:locale\" content=\"fr_FR\" \/>\n<meta property=\"og:type\" content=\"article\" \/>\n<meta property=\"og:title\" content=\"Qui suis-je ? - Emilie KEROUANTON coach th\u00e9rapeute\" \/>\n<meta property=\"og:description\" content=\"Qui suis-je ? Dipl\u00f4m\u00e9e en Psychologie, j\u2019ai commenc\u00e9 ma carri\u00e8re dans le domaine de l\u2019\u00e9ducation et du social o\u00f9 l\u2019action et l\u2019accompagnement humain ont toujours \u00e9t\u00e9 au c\u0153ur de mes missions. Apr\u00e8s une quinzaine d\u2019ann\u00e9es pass\u00e9es au service d\u2019une mission de service public, j\u2019ai ressenti le besoin et l\u2019envie profonde de r\u00e9pondre \u00e0 ce qui &hellip; Qui suis-je ? Lire la suite\u00a0\u00bb\" \/>\n<meta property=\"og:url\" content=\"https:\/\/emilie-kerouanton.com\/index.php\/qui-suis-je\/\" \/>\n<meta property=\"og:site_name\" content=\"Emilie KEROUANTON coach th\u00e9rapeute\" \/>\n<meta property=\"article:publisher\" content=\"https:\/\/www.facebook.com\/profile.php?id=100068537175806\" \/>\n<meta property=\"article:modified_time\" content=\"2022-11-24T20:25:52+00:00\" \/>\n<meta property=\"og:image\" content=\"https:\/\/emilie-kerouanton.com\/wp-content\/uploads\/2022\/09\/emilie-kerouanton.jpg\" \/>\n<meta name=\"twitter:card\" content=\"summary_large_image\" \/>\n<meta name=\"twitter:label1\" content=\"Dur\u00e9e de lecture estim\u00e9e\" \/>\n\t<meta name=\"twitter:data1\" content=\"2 minutes\" \/>\n<script type=\"application\/ld+json\" class=\"yoast-schema-graph\">{\"@context\":\"https:\\\/\\\/schema.org\",\"@graph\":[{\"@type\":\"WebPage\",\"@id\":\"https:\\\/\\\/emilie-kerouanton.com\\\/index.php\\\/qui-suis-je\\\/\",\"url\":\"https:\\\/\\\/emilie-kerouanton.com\\\/index.php\\\/qui-suis-je\\\/\",\"name\":\"Qui suis-je ? - Emilie KEROUANTON coach th\u00e9rapeute\",\"isPartOf\":{\"@id\":\"https:\\\/\\\/emilie-kerouanton.com\\\/#website\"},\"primaryImageOfPage\":{\"@id\":\"https:\\\/\\\/emilie-kerouanton.com\\\/index.php\\\/qui-suis-je\\\/#primaryimage\"},\"image\":{\"@id\":\"https:\\\/\\\/emilie-kerouanton.com\\\/index.php\\\/qui-suis-je\\\/#primaryimage\"},\"thumbnailUrl\":\"https:\\\/\\\/emilie-kerouanton.com\\\/wp-content\\\/uploads\\\/2022\\\/09\\\/emilie-kerouanton.jpg\",\"datePublished\":\"2022-09-15T08:34:44+00:00\",\"dateModified\":\"2022-11-24T20:25:52+00:00\",\"breadcrumb\":{\"@id\":\"https:\\\/\\\/emilie-kerouanton.com\\\/index.php\\\/qui-suis-je\\\/#breadcrumb\"},\"inLanguage\":\"fr-FR\",\"potentialAction\":[{\"@type\":\"ReadAction\",\"target\":[\"https:\\\/\\\/emilie-kerouanton.com\\\/index.php\\\/qui-suis-je\\\/\"]}]},{\"@type\":\"ImageObject\",\"inLanguage\":\"fr-FR\",\"@id\":\"https:\\\/\\\/emilie-kerouanton.com\\\/index.php\\\/qui-suis-je\\\/#primaryimage\",\"url\":\"https:\\\/\\\/emilie-kerouanton.com\\\/wp-content\\\/uploads\\\/2022\\\/09\\\/emilie-kerouanton.jpg\",\"contentUrl\":\"https:\\\/\\\/emilie-kerouanton.com\\\/wp-content\\\/uploads\\\/2022\\\/09\\\/emilie-kerouanton.jpg\",\"width\":394,\"height\":371},{\"@type\":\"BreadcrumbList\",\"@id\":\"https:\\\/\\\/emilie-kerouanton.com\\\/index.php\\\/qui-suis-je\\\/#breadcrumb\",\"itemListElement\":[{\"@type\":\"ListItem\",\"position\":1,\"name\":\"Accueil\",\"item\":\"https:\\\/\\\/emilie-kerouanton.com\\\/\"},{\"@type\":\"ListItem\",\"position\":2,\"name\":\"Qui suis-je ?\"}]},{\"@type\":\"WebSite\",\"@id\":\"https:\\\/\\\/emilie-kerouanton.com\\\/#website\",\"url\":\"https:\\\/\\\/emilie-kerouanton.com\\\/\",\"name\":\"Emilie KEROUANTON coach th\u00e9rapeute en \u00e9volution personnelle et professionnelle\",\"description\":\"Emilie KEROUANTON coach th\u00e9rapeute\",\"publisher\":{\"@id\":\"https:\\\/\\\/emilie-kerouanton.com\\\/#\\\/schema\\\/person\\\/e96df4f5793492820e2d6452e86fbb16\"},\"potentialAction\":[{\"@type\":\"SearchAction\",\"target\":{\"@type\":\"EntryPoint\",\"urlTemplate\":\"https:\\\/\\\/emilie-kerouanton.com\\\/?s={search_term_string}\"},\"query-input\":{\"@type\":\"PropertyValueSpecification\",\"valueRequired\":true,\"valueName\":\"search_term_string\"}}],\"inLanguage\":\"fr-FR\"},{\"@type\":[\"Person\",\"Organization\"],\"@id\":\"https:\\\/\\\/emilie-kerouanton.com\\\/#\\\/schema\\\/person\\\/e96df4f5793492820e2d6452e86fbb16\",\"name\":\"Emilie KEROUANTON\",\"image\":{\"@type\":\"ImageObject\",\"inLanguage\":\"fr-FR\",\"@id\":\"https:\\\/\\\/emilie-kerouanton.com\\\/wp-content\\\/uploads\\\/2022\\\/10\\\/emilie_coach_header.png\",\"url\":\"https:\\\/\\\/emilie-kerouanton.com\\\/wp-content\\\/uploads\\\/2022\\\/10\\\/emilie_coach_header.png\",\"contentUrl\":\"https:\\\/\\\/emilie-kerouanton.com\\\/wp-content\\\/uploads\\\/2022\\\/10\\\/emilie_coach_header.png\",\"width\":654,\"height\":145,\"caption\":\"Emilie KEROUANTON\"},\"logo\":{\"@id\":\"https:\\\/\\\/emilie-kerouanton.com\\\/wp-content\\\/uploads\\\/2022\\\/10\\\/emilie_coach_header.png\"},\"sameAs\":[\"https:\\\/\\\/www.emilie-kerouanton.com\",\"https:\\\/\\\/www.facebook.com\\\/profile.php?id=100068537175806\"]}]}<\/script>\n<!-- \/ Yoast SEO plugin. -->","yoast_head_json":{"title":"Qui suis-je ? - Emilie KEROUANTON coach th\u00e9rapeute","robots":{"index":"index","follow":"follow","max-snippet":"max-snippet:-1","max-image-preview":"max-image-preview:large","max-video-preview":"max-video-preview:-1"},"canonical":"https:\/\/emilie-kerouanton.com\/index.php\/qui-suis-je\/","og_locale":"fr_FR","og_type":"article","og_title":"Qui suis-je ? - Emilie KEROUANTON coach th\u00e9rapeute","og_description":"Qui suis-je ? Dipl\u00f4m\u00e9e en Psychologie, j\u2019ai commenc\u00e9 ma carri\u00e8re dans le domaine de l\u2019\u00e9ducation et du social o\u00f9 l\u2019action et l\u2019accompagnement humain ont toujours \u00e9t\u00e9 au c\u0153ur de mes missions. Apr\u00e8s une quinzaine d\u2019ann\u00e9es pass\u00e9es au service d\u2019une mission de service public, j\u2019ai ressenti le besoin et l\u2019envie profonde de r\u00e9pondre \u00e0 ce qui &hellip; Qui suis-je ? Lire la suite\u00a0\u00bb","og_url":"https:\/\/emilie-kerouanton.com\/index.php\/qui-suis-je\/","og_site_name":"Emilie KEROUANTON coach th\u00e9rapeute","article_publisher":"https:\/\/www.facebook.com\/profile.php?id=100068537175806","article_modified_time":"2022-11-24T20:25:52+00:00","og_image":[{"url":"https:\/\/emilie-kerouanton.com\/wp-content\/uploads\/2022\/09\/emilie-kerouanton.jpg","type":"","width":"","height":""}],"twitter_card":"summary_large_image","twitter_misc":{"Dur\u00e9e de lecture estim\u00e9e":"2 minutes"},"schema":{"@context":"https:\/\/schema.org","@graph":[{"@type":"WebPage","@id":"https:\/\/emilie-kerouanton.com\/index.php\/qui-suis-je\/","url":"https:\/\/emilie-kerouanton.com\/index.php\/qui-suis-je\/","name":"Qui suis-je ? - Emilie KEROUANTON coach th\u00e9rapeute","isPartOf":{"@id":"https:\/\/emilie-kerouanton.com\/#website"},"primaryImageOfPage":{"@id":"https:\/\/emilie-kerouanton.com\/index.php\/qui-suis-je\/#primaryimage"},"image":{"@id":"https:\/\/emilie-kerouanton.com\/index.php\/qui-suis-je\/#primaryimage"},"thumbnailUrl":"https:\/\/emilie-kerouanton.com\/wp-content\/uploads\/2022\/09\/emilie-kerouanton.jpg","datePublished":"2022-09-15T08:34:44+00:00","dateModified":"2022-11-24T20:25:52+00:00","breadcrumb":{"@id":"https:\/\/emilie-kerouanton.com\/index.php\/qui-suis-je\/#breadcrumb"},"inLanguage":"fr-FR","potentialAction":[{"@type":"ReadAction","target":["https:\/\/emilie-kerouanton.com\/index.php\/qui-suis-je\/"]}]},{"@type":"ImageObject","inLanguage":"fr-FR","@id":"https:\/\/emilie-kerouanton.com\/index.php\/qui-suis-je\/#primaryimage","url":"https:\/\/emilie-kerouanton.com\/wp-content\/uploads\/2022\/09\/emilie-kerouanton.jpg","contentUrl":"https:\/\/emilie-kerouanton.com\/wp-content\/uploads\/2022\/09\/emilie-kerouanton.jpg","width":394,"height":371},{"@type":"BreadcrumbList","@id":"https:\/\/emilie-kerouanton.com\/index.php\/qui-suis-je\/#breadcrumb","itemListElement":[{"@type":"ListItem","position":1,"name":"Accueil","item":"https:\/\/emilie-kerouanton.com\/"},{"@type":"ListItem","position":2,"name":"Qui suis-je ?"}]},{"@type":"WebSite","@id":"https:\/\/emilie-kerouanton.com\/#website","url":"https:\/\/emilie-kerouanton.com\/","name":"Emilie KEROUANTON coach th\u00e9rapeute en \u00e9volution personnelle et professionnelle","description":"Emilie KEROUANTON coach th\u00e9rapeute","publisher":{"@id":"https:\/\/emilie-kerouanton.com\/#\/schema\/person\/e96df4f5793492820e2d6452e86fbb16"},"potentialAction":[{"@type":"SearchAction","target":{"@type":"EntryPoint","urlTemplate":"https:\/\/emilie-kerouanton.com\/?s={search_term_string}"},"query-input":{"@type":"PropertyValueSpecification","valueRequired":true,"valueName":"search_term_string"}}],"inLanguage":"fr-FR"},{"@type":["Person","Organization"],"@id":"https:\/\/emilie-kerouanton.com\/#\/schema\/person\/e96df4f5793492820e2d6452e86fbb16","name":"Emilie KEROUANTON","image":{"@type":"ImageObject","inLanguage":"fr-FR","@id":"https:\/\/emilie-kerouanton.com\/wp-content\/uploads\/2022\/10\/emilie_coach_header.png","url":"https:\/\/emilie-kerouanton.com\/wp-content\/uploads\/2022\/10\/emilie_coach_header.png","contentUrl":"https:\/\/emilie-kerouanton.com\/wp-content\/uploads\/2022\/10\/emilie_coach_header.png","width":654,"height":145,"caption":"Emilie KEROUANTON"},"logo":{"@id":"https:\/\/emilie-kerouanton.com\/wp-content\/uploads\/2022\/10\/emilie_coach_header.png"},"sameAs":["https:\/\/www.emilie-kerouanton.com","https:\/\/www.facebook.com\/profile.php?id=100068537175806"]}]}},"_links":{"self":[{"href":"https:\/\/emilie-kerouanton.com\/index.php\/wp-json\/wp\/v2\/pages\/79","targetHints":{"allow":["GET"]}}],"collection":[{"href":"https:\/\/emilie-kerouanton.com\/index.php\/wp-json\/wp\/v2\/pages"}],"about":[{"href":"https:\/\/emilie-kerouanton.com\/index.php\/wp-json\/wp\/v2\/types\/page"}],"author":[{"embeddable":true,"href":"https:\/\/emilie-kerouanton.com\/index.php\/wp-json\/wp\/v2\/users\/1"}],"replies":[{"embeddable":true,"href":"https:\/\/emilie-kerouanton.com\/index.php\/wp-json\/wp\/v2\/comments?post=79"}],"version-history":[{"count":118,"href":"https:\/\/emilie-kerouanton.com\/index.php\/wp-json\/wp\/v2\/pages\/79\/revisions"}],"predecessor-version":[{"id":2044,"href":"https:\/\/emilie-kerouanton.com\/index.php\/wp-json\/wp\/v2\/pages\/79\/revisions\/2044"}],"wp:attachment":[{"href":"https:\/\/emilie-kerouanton.com\/index.php\/wp-json\/wp\/v2\/media?parent=79"}],"curies":[{"name":"wp","href":"https:\/\/api.w.org\/{rel}","templated":true}]}}